{"id":260,"date":"2013-07-16T15:16:25","date_gmt":"2013-07-16T14:16:25","guid":{"rendered":"http:\/\/iwaniuk.me\/wp\/?page_id=260"},"modified":"2017-02-22T13:41:54","modified_gmt":"2017-02-22T11:41:54","slug":"home","status":"publish","type":"page","link":"https:\/\/iwaniuk.me\/wp\/","title":{"rendered":"Strona g\u0142\u00f3wna"},"content":{"rendered":"<p>Cze\u015b\u0107, jestem Adrian. Je\u017celi szuka\u0142e\u015b mojej strony internetowej, to dobrze trafi\u0142e\u015b. Na poni\u017cszym kr\u00f3tkim nagraniu mo\u017cesz zobaczy\u0107 jedno z moich hobby.  Enjoy!<\/p>\n<p><iframe loading=\"lazy\" width=\"640\" height=\"360\" src=\"\/\/www.youtube.com\/embed\/6t8c-R0GNtc?autoplay=1\" frameborder=\"0\" allowfullscreen><\/iframe><\/p>\n","protected":false},"excerpt":{"rendered":"<p>Cze\u015b\u0107, jestem Adrian. Je\u017celi szuka\u0142e\u015b mojej strony internetowej, to dobrze trafi\u0142e\u015b. Na poni\u017cszym kr\u00f3tkim nagraniu mo\u017cesz zobaczy\u0107 jedno z moich hobby. Enjoy!<\/p>\n","protected":false},"author":1,"featured_media":0,"parent":0,"menu_order":0,"comment_status":"closed","ping_status":"closed","template":"","meta":{"_exactmetrics_skip_tracking":false,"_exactmetrics_sitenote_active":false,"_exactmetrics_sitenote_note":"","_exactmetrics_sitenote_category":0,"footnotes":""},"class_list":["post-260","page","type-page","status-publish","hentry"],"_links":{"self":[{"href":"https:\/\/iwaniuk.me\/wp\/index.php?rest_route=\/wp\/v2\/pages\/260","targetHints":{"allow":["GET"]}}],"collection":[{"href":"https:\/\/iwaniuk.me\/wp\/index.php?rest_route=\/wp\/v2\/pages"}],"about":[{"href":"https:\/\/iwaniuk.me\/wp\/index.php?rest_route=\/wp\/v2\/types\/page"}],"author":[{"embeddable":true,"href":"https:\/\/iwaniuk.me\/wp\/index.php?rest_route=\/wp\/v2\/users\/1"}],"replies":[{"embeddable":true,"href":"https:\/\/iwaniuk.me\/wp\/index.php?rest_route=%2Fwp%2Fv2%2Fcomments&post=260"}],"version-history":[{"count":16,"href":"https:\/\/iwaniuk.me\/wp\/index.php?rest_route=\/wp\/v2\/pages\/260\/revisions"}],"predecessor-version":[{"id":468,"href":"https:\/\/iwaniuk.me\/wp\/index.php?rest_route=\/wp\/v2\/pages\/260\/revisions\/468"}],"wp:attachment":[{"href":"https:\/\/iwaniuk.me\/wp\/index.php?rest_route=%2Fwp%2Fv2%2Fmedia&parent=260"}],"curies":[{"name":"wp","href":"https:\/\/api.w.org\/{rel}","templated":true}]}}