{"id":274,"date":"2013-07-19T13:11:40","date_gmt":"2013-07-19T12:11:40","guid":{"rendered":"http:\/\/iwaniuk.me\/wp\/?page_id=274"},"modified":"2017-02-20T03:41:24","modified_gmt":"2017-02-20T01:41:24","slug":"my-projects","status":"publish","type":"page","link":"https:\/\/iwaniuk.me\/wp\/?page_id=274","title":{"rendered":"Moje projekty"},"content":{"rendered":"<p>Tutaj mo\u017cesz zobaczy\u0107 tylko kilka projekt\u00f3w\/usprawnie\u0144 technicznych, kt\u00f3re zrobi\u0142em. Elektronika jest jedn\u0105 z moich pasji, a rozwi\u0105za\u0144 w\u0142asnej konstrukcji u\u017cywam na codzie\u0144.<\/p>\n<h3>Projekt OIT &#8211; Sterowanie o\u015bwietleniem LED przy u\u017cyciu komputera<\/h3>\n<p>\n<iframe loading=\"lazy\" width=\"640\" height=\"360\" src=\"http:\/\/www.youtube.com\/embed\/s1HkD0ACy5A\" frameborder=\"0\" allowfullscreen><\/iframe><\/p>\n<h3>Projekt OIT &#8211; Sterownik sekwencyjnego pod\u015bwietlenia schod\u00f3w diodami LED<\/h3>\n<p>\n<iframe loading=\"lazy\" width=\"640\" height=\"360\" src=\"https:\/\/www.youtube.com\/embed\/4uSUgVRNoLM\" frameborder=\"0\" allowfullscreen><\/iframe><\/p>\n","protected":false},"excerpt":{"rendered":"<p>Tutaj mo\u017cesz zobaczy\u0107 tylko kilka projekt\u00f3w\/usprawnie\u0144 technicznych, kt\u00f3re zrobi\u0142em. Elektronika jest jedn\u0105 z moich pasji, a rozwi\u0105za\u0144 w\u0142asnej konstrukcji u\u017cywam na codzie\u0144. Projekt OIT &#8211; Sterowanie o\u015bwietleniem LED przy u\u017cyciu komputera Projekt OIT &#8211; Sterownik sekwencyjnego pod\u015bwietlenia schod\u00f3w diodami LED<\/p>\n","protected":false},"author":1,"featured_media":0,"parent":0,"menu_order":2,"comment_status":"closed","ping_status":"closed","template":"","meta":{"_exactmetrics_skip_tracking":false,"_exactmetrics_sitenote_active":false,"_exactmetrics_sitenote_note":"","_exactmetrics_sitenote_category":0,"footnotes":""},"class_list":["post-274","page","type-page","status-publish","hentry"],"_links":{"self":[{"href":"https:\/\/iwaniuk.me\/wp\/index.php?rest_route=\/wp\/v2\/pages\/274","targetHints":{"allow":["GET"]}}],"collection":[{"href":"https:\/\/iwaniuk.me\/wp\/index.php?rest_route=\/wp\/v2\/pages"}],"about":[{"href":"https:\/\/iwaniuk.me\/wp\/index.php?rest_route=\/wp\/v2\/types\/page"}],"author":[{"embeddable":true,"href":"https:\/\/iwaniuk.me\/wp\/index.php?rest_route=\/wp\/v2\/users\/1"}],"replies":[{"embeddable":true,"href":"https:\/\/iwaniuk.me\/wp\/index.php?rest_route=%2Fwp%2Fv2%2Fcomments&post=274"}],"version-history":[{"count":15,"href":"https:\/\/iwaniuk.me\/wp\/index.php?rest_route=\/wp\/v2\/pages\/274\/revisions"}],"predecessor-version":[{"id":424,"href":"https:\/\/iwaniuk.me\/wp\/index.php?rest_route=\/wp\/v2\/pages\/274\/revisions\/424"}],"wp:attachment":[{"href":"https:\/\/iwaniuk.me\/wp\/index.php?rest_route=%2Fwp%2Fv2%2Fmedia&parent=274"}],"curies":[{"name":"wp","href":"https:\/\/api.w.org\/{rel}","templated":true}]}}