{"id":336,"date":"2013-12-30T23:33:17","date_gmt":"2013-12-30T22:33:17","guid":{"rendered":"http:\/\/iwaniuk.me\/wp\/?page_id=336"},"modified":"2017-02-20T03:55:32","modified_gmt":"2017-02-20T01:55:32","slug":"filmy-lotnicze","status":"publish","type":"page","link":"https:\/\/iwaniuk.me\/wp\/?page_id=336","title":{"rendered":"Filmy lotnicze"},"content":{"rendered":"<p>Z czasem b\u0119d\u0105 dodawane kolejne kr\u00f3tkie filmy. P\u00f3ki co, zapraszam do obejrzenia ju\u017c powsta\u0142ego materia\u0142u poni\u017cej \ud83d\ude42 <\/p>\n<p><iframe loading=\"lazy\" width=\"640\" height=\"360\" src=\"http:\/\/www.youtube.com\/embed\/6t8c-R0GNtc?rel=0\" frameborder=\"0\" allowfullscreen><\/iframe><br \/>\n<br \/>\n<iframe loading=\"lazy\" width=\"640\" height=\"360\" src=\"http:\/\/www.youtube.com\/embed\/rmMZcHWqG9Q\" frameborder=\"0\" allowfullscreen><\/iframe><\/p>\n","protected":false},"excerpt":{"rendered":"<p>Z czasem b\u0119d\u0105 dodawane kolejne kr\u00f3tkie filmy. P\u00f3ki co, zapraszam do obejrzenia ju\u017c powsta\u0142ego materia\u0142u poni\u017cej \ud83d\ude42<\/p>\n","protected":false},"author":1,"featured_media":0,"parent":0,"menu_order":3,"comment_status":"closed","ping_status":"closed","template":"","meta":{"_exactmetrics_skip_tracking":false,"_exactmetrics_sitenote_active":false,"_exactmetrics_sitenote_note":"","_exactmetrics_sitenote_category":0,"footnotes":""},"class_list":["post-336","page","type-page","status-publish","hentry"],"_links":{"self":[{"href":"https:\/\/iwaniuk.me\/wp\/index.php?rest_route=\/wp\/v2\/pages\/336","targetHints":{"allow":["GET"]}}],"collection":[{"href":"https:\/\/iwaniuk.me\/wp\/index.php?rest_route=\/wp\/v2\/pages"}],"about":[{"href":"https:\/\/iwaniuk.me\/wp\/index.php?rest_route=\/wp\/v2\/types\/page"}],"author":[{"embeddable":true,"href":"https:\/\/iwaniuk.me\/wp\/index.php?rest_route=\/wp\/v2\/users\/1"}],"replies":[{"embeddable":true,"href":"https:\/\/iwaniuk.me\/wp\/index.php?rest_route=%2Fwp%2Fv2%2Fcomments&post=336"}],"version-history":[{"count":6,"href":"https:\/\/iwaniuk.me\/wp\/index.php?rest_route=\/wp\/v2\/pages\/336\/revisions"}],"predecessor-version":[{"id":440,"href":"https:\/\/iwaniuk.me\/wp\/index.php?rest_route=\/wp\/v2\/pages\/336\/revisions\/440"}],"wp:attachment":[{"href":"https:\/\/iwaniuk.me\/wp\/index.php?rest_route=%2Fwp%2Fv2%2Fmedia&parent=336"}],"curies":[{"name":"wp","href":"https:\/\/api.w.org\/{rel}","templated":true}]}}