{"id":338,"date":"2013-12-30T23:42:28","date_gmt":"2013-12-30T22:42:28","guid":{"rendered":"http:\/\/iwaniuk.me\/wp\/?page_id=338"},"modified":"2017-02-20T03:44:35","modified_gmt":"2017-02-20T01:44:35","slug":"lot-z-bialegostoku-do-modlina-przez-grady","status":"publish","type":"page","link":"https:\/\/iwaniuk.me\/wp\/?page_id=338","title":{"rendered":"Lot z Bia\u0142egostoku do Modlina przez Gr\u0105dy"},"content":{"rendered":"<p>Pierwszy film z moich lot\u00f3w. Na pewno znajd\u0105 si\u0119 tutaj nowe filmy, jak tylko znajd\u0119 troch\u0119 czasu na ich z\u0142o\u017cenie \ud83d\ude09<\/p>\n<p><iframe loading=\"lazy\" width=\"800\" height=\"360\" src=\"\/\/www.youtube.com\/embed\/6t8c-R0GNtc?rel=0\" frameborder=\"0\" allowfullscreen><\/iframe><\/p>\n","protected":false},"excerpt":{"rendered":"<p>Pierwszy film z moich lot\u00f3w. Na pewno znajd\u0105 si\u0119 tutaj nowe filmy, jak tylko znajd\u0119 troch\u0119 czasu na ich z\u0142o\u017cenie \ud83d\ude09<\/p>\n","protected":false},"author":1,"featured_media":0,"parent":336,"menu_order":0,"comment_status":"closed","ping_status":"closed","template":"","meta":{"_exactmetrics_skip_tracking":false,"_exactmetrics_sitenote_active":false,"_exactmetrics_sitenote_note":"","_exactmetrics_sitenote_category":0,"footnotes":""},"class_list":["post-338","page","type-page","status-publish","hentry"],"_links":{"self":[{"href":"https:\/\/iwaniuk.me\/wp\/index.php?rest_route=\/wp\/v2\/pages\/338","targetHints":{"allow":["GET"]}}],"collection":[{"href":"https:\/\/iwaniuk.me\/wp\/index.php?rest_route=\/wp\/v2\/pages"}],"about":[{"href":"https:\/\/iwaniuk.me\/wp\/index.php?rest_route=\/wp\/v2\/types\/page"}],"author":[{"embeddable":true,"href":"https:\/\/iwaniuk.me\/wp\/index.php?rest_route=\/wp\/v2\/users\/1"}],"replies":[{"embeddable":true,"href":"https:\/\/iwaniuk.me\/wp\/index.php?rest_route=%2Fwp%2Fv2%2Fcomments&post=338"}],"version-history":[{"count":8,"href":"https:\/\/iwaniuk.me\/wp\/index.php?rest_route=\/wp\/v2\/pages\/338\/revisions"}],"predecessor-version":[{"id":425,"href":"https:\/\/iwaniuk.me\/wp\/index.php?rest_route=\/wp\/v2\/pages\/338\/revisions\/425"}],"up":[{"embeddable":true,"href":"https:\/\/iwaniuk.me\/wp\/index.php?rest_route=\/wp\/v2\/pages\/336"}],"wp:attachment":[{"href":"https:\/\/iwaniuk.me\/wp\/index.php?rest_route=%2Fwp%2Fv2%2Fmedia&parent=338"}],"curies":[{"name":"wp","href":"https:\/\/api.w.org\/{rel}","templated":true}]}}