{"id":427,"date":"2017-02-20T03:47:06","date_gmt":"2017-02-20T01:47:06","guid":{"rendered":"http:\/\/iwaniuk.me\/wp\/?page_id=427"},"modified":"2017-02-20T03:52:15","modified_gmt":"2017-02-20T01:52:15","slug":"lot-z-bialegostoku-do-modlina-przez-grady","status":"publish","type":"page","link":"https:\/\/iwaniuk.me\/wp\/?page_id=427","title":{"rendered":"Lot z Warszawy Ok\u0119cia do Gr\u0105d\u00f3w (Ostr\u00f3w Mazowiecka)"},"content":{"rendered":"<p>Drugi film z moich lot\u00f3w. Na pewno znajd\u0105 si\u0119 tutaj nowe filmy, jak tylko znajd\u0119 troch\u0119 czasu na ich z\u0142o\u017cenie \ud83d\ude09<\/p>\n<p><iframe loading=\"lazy\" width=\"800\" height=\"360\" src=\"http:\/\/www.youtube.com\/embed\/rmMZcHWqG9Q\" frameborder=\"0\" allowfullscreen><\/iframe><\/p>\n","protected":false},"excerpt":{"rendered":"<p>Drugi film z moich lot\u00f3w. Na pewno znajd\u0105 si\u0119 tutaj nowe filmy, jak tylko znajd\u0119 troch\u0119 czasu na ich z\u0142o\u017cenie \ud83d\ude09<\/p>\n","protected":false},"author":1,"featured_media":0,"parent":0,"menu_order":0,"comment_status":"closed","ping_status":"closed","template":"","meta":{"_exactmetrics_skip_tracking":false,"_exactmetrics_sitenote_active":false,"_exactmetrics_sitenote_note":"","_exactmetrics_sitenote_category":0,"footnotes":""},"class_list":["post-427","page","type-page","status-publish","hentry"],"_links":{"self":[{"href":"https:\/\/iwaniuk.me\/wp\/index.php?rest_route=\/wp\/v2\/pages\/427","targetHints":{"allow":["GET"]}}],"collection":[{"href":"https:\/\/iwaniuk.me\/wp\/index.php?rest_route=\/wp\/v2\/pages"}],"about":[{"href":"https:\/\/iwaniuk.me\/wp\/index.php?rest_route=\/wp\/v2\/types\/page"}],"author":[{"embeddable":true,"href":"https:\/\/iwaniuk.me\/wp\/index.php?rest_route=\/wp\/v2\/users\/1"}],"replies":[{"embeddable":true,"href":"https:\/\/iwaniuk.me\/wp\/index.php?rest_route=%2Fwp%2Fv2%2Fcomments&post=427"}],"version-history":[{"count":7,"href":"https:\/\/iwaniuk.me\/wp\/index.php?rest_route=\/wp\/v2\/pages\/427\/revisions"}],"predecessor-version":[{"id":437,"href":"https:\/\/iwaniuk.me\/wp\/index.php?rest_route=\/wp\/v2\/pages\/427\/revisions\/437"}],"wp:attachment":[{"href":"https:\/\/iwaniuk.me\/wp\/index.php?rest_route=%2Fwp%2Fv2%2Fmedia&parent=427"}],"curies":[{"name":"wp","href":"https:\/\/api.w.org\/{rel}","templated":true}]}}