{"id":482,"date":"2018-02-09T00:31:04","date_gmt":"2018-02-08T22:31:04","guid":{"rendered":"http:\/\/iwaniuk.me\/wp\/?page_id=482"},"modified":"2018-06-03T20:04:47","modified_gmt":"2018-06-03T18:04:47","slug":"odbiornik-ads-b-z-graficzna-wizualizacja-ruchu-lotniczego-praca-dyplomowa-inzynierska","status":"publish","type":"page","link":"https:\/\/iwaniuk.me\/wp\/?page_id=482","title":{"rendered":"Odbiornik ADS-B z graficzn\u0105 wizualizacj\u0105 ruchu lotniczego &#8211; praca dyplomowa in\u017cynierska"},"content":{"rendered":"<p>W niniejszej pracy poruszone zosta\u0142y dwa zagadnienia. Pierwszym z nich jest opis oraz analiza dzia\u0142ania ADS-B (ang. Automatic Dependent Surveillance &#8211; Broadcast) &#8211; systemu, dzi\u0119ki kt\u00f3remu samolot cyklicznie rozg\u0142asza, mi\u0119dzy innymi, swoj\u0105 pozycj\u0119 geograficzn\u0105 uzyskan\u0105 z satelit GPS, kurs, pr\u0119dko\u015b\u0107, wysoko\u015b\u0107, znak wywo\u0142awczy, kod transpondera. W\u015br\u00f3d korzy\u015bci, wynikaj\u0105cych z zastosowania tego systemu, nale\u017cy wymieni\u0107 wzajemne informacje o ruchu wymieniane mi\u0119dzy samolotami, mo\u017cliwo\u015b\u0107 odbierania informacji pogodowych, wymiana informacji o locie (mi\u0119dzy samolotem, a Kontrol\u0105 Ruchu Lotniczego). Ponadto odbiorniki naziemne ADS-B u\u017cywane przez Centra Zarz\u0105dzania Ruchem Lotniczym s\u0105 zdecydowanie ta\u0144sze w zakupie oraz eksploatacji ni\u017c tradycyjne radary wt\u00f3rne.<br \/>\nKolejnym poruszonym zagadnieniem jest budowa amatorskiego odbiornika ADS-B pracuj\u0105cego na cz\u0119stotliwo\u015bci standardowej dla tego systemu &#8211; 1090 MHz, odbi\u00f3r i odczyt informacji przekazywanych z samolot\u00f3w oraz wy\u015bwietlenie tych danych na mapie w przegl\u0105darce internetowej. Realizacja sprz\u0119towa tego przedsi\u0119wzi\u0119cia zosta\u0142a zrealizowana przy u\u017cyciu mikrokomputera Raspberry Pi 2 B V1.1, anteny p\u00f3\u0142falowej pracuj\u0105cej na cz\u0119stotliwo\u015bci 1090 MHz i osi\u0105gaj\u0105cej zysk na poziomie 9 dBi, dekodera DVB-T USB wyposa\u017conego w chipset RTL2832U oraz R820T2 (dzi\u0119ki tym modu\u0142om mo\u017cliwy jest r\u00f3wnie\u017c odbi\u00f3r informacji z satelit\u00f3w pogodowych oraz nas\u0142uch dowolnej analogowej lub cyfrowej transmisji radiowej w zakresie 24 MHz \u00f71766 MHz, wykorzystuj\u0105c oprogramowanie RTL &#8211; SDR) [9, 3, 6, 11, 21].<br \/>\nW pracy podj\u0119to si\u0119 opracowania i zestawienia ze sob\u0105 zestawu urz\u0105dze\u0144 oraz oprogramowania zdolnego odebra\u0107, odczyta\u0107, zdekodowa\u0107 oraz wy\u015bwietli\u0107 na mapie pozycj\u0119 wraz z informacjami o okolicznych statkach powietrznych nadaj\u0105cych sygna\u0142 ADS-B. Zestaw urz\u0105dze\u0144 zosta\u0142 zamontowany na Wydziale Elektrycznym Politechniki Bia\u0142ostockiej tak, aby by\u0142 og\u00f3lnodost\u0119pny dla wszystkich student\u00f3w.<\/p>\n<div style=\"font-size:small\">(kliknij na poni\u017csz\u0105 grafik\u0119)<\/div>\n<p><a href=\"http:\/\/212.33.95.191:5678\/\"><br \/>\n<img decoding=\"async\" src=\"http:\/\/iwaniuk.me\/wp\/wp-content\/uploads\/2018\/06\/radar_adsb.png\" alt=\"Radar lotniczy ADS-B zamontowany na Wydziale Elektrycznym Politechniki Bia\u0142ostockiej\" style=\"width:800pxborder:0;\"><br \/>\n<\/a><\/p>\n","protected":false},"excerpt":{"rendered":"<p>W niniejszej pracy poruszone zosta\u0142y dwa zagadnienia. Pierwszym z nich jest opis oraz analiza dzia\u0142ania ADS-B (ang. Automatic Dependent Surveillance &#8211; Broadcast) &#8211; systemu, dzi\u0119ki kt\u00f3remu samolot cyklicznie rozg\u0142asza, mi\u0119dzy innymi, swoj\u0105 pozycj\u0119 geograficzn\u0105 uzyskan\u0105 z satelit GPS, kurs, pr\u0119dko\u015b\u0107, wysoko\u015b\u0107, znak wywo\u0142awczy, kod transpondera. W\u015br\u00f3d korzy\u015bci, wynikaj\u0105cych z zastosowania tego systemu, nale\u017cy wymieni\u0107 wzajemne &hellip; <a href=\"https:\/\/iwaniuk.me\/wp\/?page_id=482\" class=\"more-link\">Czytaj dalej <span class=\"screen-reader-text\">Odbiornik ADS-B z graficzn\u0105 wizualizacj\u0105 ruchu lotniczego &#8211; praca dyplomowa in\u017cynierska<\/span><\/a><\/p>\n","protected":false},"author":1,"featured_media":0,"parent":274,"menu_order":0,"comment_status":"closed","ping_status":"closed","template":"","meta":{"_exactmetrics_skip_tracking":false,"_exactmetrics_sitenote_active":false,"_exactmetrics_sitenote_note":"","_exactmetrics_sitenote_category":0,"footnotes":""},"class_list":["post-482","page","type-page","status-publish","hentry"],"_links":{"self":[{"href":"https:\/\/iwaniuk.me\/wp\/index.php?rest_route=\/wp\/v2\/pages\/482","targetHints":{"allow":["GET"]}}],"collection":[{"href":"https:\/\/iwaniuk.me\/wp\/index.php?rest_route=\/wp\/v2\/pages"}],"about":[{"href":"https:\/\/iwaniuk.me\/wp\/index.php?rest_route=\/wp\/v2\/types\/page"}],"author":[{"embeddable":true,"href":"https:\/\/iwaniuk.me\/wp\/index.php?rest_route=\/wp\/v2\/users\/1"}],"replies":[{"embeddable":true,"href":"https:\/\/iwaniuk.me\/wp\/index.php?rest_route=%2Fwp%2Fv2%2Fcomments&post=482"}],"version-history":[{"count":13,"href":"https:\/\/iwaniuk.me\/wp\/index.php?rest_route=\/wp\/v2\/pages\/482\/revisions"}],"predecessor-version":[{"id":501,"href":"https:\/\/iwaniuk.me\/wp\/index.php?rest_route=\/wp\/v2\/pages\/482\/revisions\/501"}],"up":[{"embeddable":true,"href":"https:\/\/iwaniuk.me\/wp\/index.php?rest_route=\/wp\/v2\/pages\/274"}],"wp:attachment":[{"href":"https:\/\/iwaniuk.me\/wp\/index.php?rest_route=%2Fwp%2Fv2%2Fmedia&parent=482"}],"curies":[{"name":"wp","href":"https:\/\/api.w.org\/{rel}","templated":true}]}}